{"id":1466,"date":"2022-01-31T17:29:44","date_gmt":"2022-01-31T16:29:44","guid":{"rendered":"https:\/\/dealer-main.bmw.it\/dealer-master\/?page_id=1466"},"modified":"2025-08-26T16:39:57","modified_gmt":"2025-08-26T14:39:57","slug":"usato","status":"publish","type":"page","link":"https:\/\/dealer-main.bmw.it\/turbosport\/usato\/","title":{"rendered":"Usato"},"content":{"rendered":"\t\t<div data-elementor-type=\"wp-page\" data-elementor-id=\"1466\" class=\"elementor elementor-1466\" data-elementor-post-type=\"page\">\n\t\t\t\t\t\t<section class=\"elementor-section elementor-top-section elementor-element elementor-element-2f8008a elementor-section-boxed elementor-section-height-default elementor-section-height-default\" data-id=\"2f8008a\" data-element_type=\"section\" data-e-type=\"section\" data-settings=\"{&quot;background_background&quot;:&quot;classic&quot;}\">\n\t\t\t\t\t\t<div class=\"elementor-container elementor-column-gap-default\">\n\t\t\t\t\t<div class=\"elementor-column elementor-col-50 elementor-top-column elementor-element elementor-element-58456ce\" data-id=\"58456ce\" data-element_type=\"column\" data-e-type=\"column\">\n\t\t\t<div class=\"elementor-widget-wrap elementor-element-populated\">\n\t\t\t\t\t\t<div class=\"elementor-element elementor-element-6fe783f elementor-widget elementor-widget-spacer\" data-id=\"6fe783f\" data-element_type=\"widget\" data-e-type=\"widget\" data-widget_type=\"spacer.default\">\n\t\t\t\t<div class=\"elementor-widget-container\">\n\t\t\t\t\t\t\t<div class=\"elementor-spacer\">\n\t\t\t<div class=\"elementor-spacer-inner\"><\/div>\n\t\t<\/div>\n\t\t\t\t\t\t<\/div>\n\t\t\t\t<\/div>\n\t\t\t\t<div class=\"elementor-element elementor-element-07c0fa2 elementor-widget elementor-widget-heading\" data-id=\"07c0fa2\" data-element_type=\"widget\" data-e-type=\"widget\" data-widget_type=\"heading.default\">\n\t\t\t\t<div class=\"elementor-widget-container\">\n\t\t\t\t\t<h2 class=\"elementor-heading-title elementor-size-default\"><p>&nbsp;<\/p>\n<p>&nbsp;<\/p><\/h2>\t\t\t\t<\/div>\n\t\t\t\t<\/div>\n\t\t\t\t<div class=\"elementor-element elementor-element-e33b5f8 elementor-widget elementor-widget-text-editor\" data-id=\"e33b5f8\" data-element_type=\"widget\" data-e-type=\"widget\" data-widget_type=\"text-editor.default\">\n\t\t\t\t<div class=\"elementor-widget-container\">\n\t\t\t\t\t\t\t\t\t<p>\u00a0<\/p><p>\u00a0<\/p>\t\t\t\t\t\t\t\t<\/div>\n\t\t\t\t<\/div>\n\t\t\t\t<div class=\"elementor-element elementor-element-dc12339 elementor-widget elementor-widget-spacer\" data-id=\"dc12339\" data-element_type=\"widget\" data-e-type=\"widget\" data-widget_type=\"spacer.default\">\n\t\t\t\t<div class=\"elementor-widget-container\">\n\t\t\t\t\t\t\t<div class=\"elementor-spacer\">\n\t\t\t<div class=\"elementor-spacer-inner\"><\/div>\n\t\t<\/div>\n\t\t\t\t\t\t<\/div>\n\t\t\t\t<\/div>\n\t\t\t\t\t<\/div>\n\t\t<\/div>\n\t\t\t\t<div class=\"elementor-column elementor-col-50 elementor-top-column elementor-element elementor-element-149150c\" data-id=\"149150c\" data-element_type=\"column\" data-e-type=\"column\">\n\t\t\t<div class=\"elementor-widget-wrap\">\n\t\t\t\t\t\t\t<\/div>\n\t\t<\/div>\n\t\t\t\t\t<\/div>\n\t\t<\/section>\n\t\t\t\t<section class=\"elementor-section elementor-top-section elementor-element elementor-element-cebf48f elementor-section-boxed elementor-section-height-default elementor-section-height-default\" data-id=\"cebf48f\" data-element_type=\"section\" data-e-type=\"section\">\n\t\t\t\t\t\t<div class=\"elementor-container elementor-column-gap-default\">\n\t\t\t\t\t<div class=\"elementor-column elementor-col-100 elementor-top-column elementor-element elementor-element-4dc688f\" data-id=\"4dc688f\" data-element_type=\"column\" data-e-type=\"column\">\n\t\t\t<div class=\"elementor-widget-wrap elementor-element-populated\">\n\t\t\t\t\t\t<div class=\"elementor-element elementor-element-54ad29a elementor-widget elementor-widget-heading\" data-id=\"54ad29a\" data-element_type=\"widget\" data-e-type=\"widget\" data-widget_type=\"heading.default\">\n\t\t\t\t<div class=\"elementor-widget-container\">\n\t\t\t\t\t<h1 class=\"elementor-heading-title elementor-size-default\">IL NOSTRO USATO.<\/h1>\t\t\t\t<\/div>\n\t\t\t\t<\/div>\n\t\t\t\t\t<\/div>\n\t\t<\/div>\n\t\t\t\t\t<\/div>\n\t\t<\/section>\n\t\t\t\t<section class=\"elementor-section elementor-top-section elementor-element elementor-element-38636a5 elementor-section-boxed elementor-section-height-default elementor-section-height-default\" data-id=\"38636a5\" data-element_type=\"section\" data-e-type=\"section\">\n\t\t\t\t\t\t<div class=\"elementor-container elementor-column-gap-default\">\n\t\t\t\t\t<div class=\"elementor-column elementor-col-100 elementor-top-column elementor-element elementor-element-6e0c8c2\" data-id=\"6e0c8c2\" data-element_type=\"column\" data-e-type=\"column\">\n\t\t\t<div class=\"elementor-widget-wrap elementor-element-populated\">\n\t\t\t\t\t\t<div class=\"elementor-element elementor-element-e368596 elementor-widget elementor-widget-text-editor\" data-id=\"e368596\" data-element_type=\"widget\" data-e-type=\"widget\" data-widget_type=\"text-editor.default\">\n\t\t\t\t<div class=\"elementor-widget-container\">\n\t\t\t\t\t\t\t\t\t<p>Quando scegli l\u2019Usato Certificato BMW Premium Selection, l\u2019unica cosa a cui pensare \u00e8 il modello che preferisci. Perch\u00e9 a tutto il resto ha gi\u00e0 pensato BMW.<\/p><p>Ogni BMW appartenente al Programma BMW Premium Selection \u00e8 stata sottoposta a meticolosi e rigorosi controlli meccanici ed estetici e la sua storia e il suo chilometraggio sono controllati e garantiti.<\/p>\t\t\t\t\t\t\t\t<\/div>\n\t\t\t\t<\/div>\n\t\t\t\t\t<\/div>\n\t\t<\/div>\n\t\t\t\t\t<\/div>\n\t\t<\/section>\n\t\t\t\t<section class=\"elementor-section elementor-top-section elementor-element elementor-element-fb103c1 elementor-section-boxed elementor-section-height-default elementor-section-height-default\" data-id=\"fb103c1\" data-element_type=\"section\" data-e-type=\"section\">\n\t\t\t\t\t\t<div class=\"elementor-container elementor-column-gap-default\">\n\t\t\t\t\t<div class=\"elementor-column elementor-col-50 elementor-top-column elementor-element elementor-element-8fc870c\" data-id=\"8fc870c\" data-element_type=\"column\" data-e-type=\"column\">\n\t\t\t<div class=\"elementor-widget-wrap elementor-element-populated\">\n\t\t\t\t\t\t<div class=\"elementor-element elementor-element-308cb88 elementor-widget elementor-widget-image\" data-id=\"308cb88\" data-element_type=\"widget\" data-e-type=\"widget\" data-widget_type=\"image.default\">\n\t\t\t\t<div class=\"elementor-widget-container\">\n\t\t\t\t\t\t\t\t\t\t\t\t\t\t\t<img fetchpriority=\"high\" decoding=\"async\" width=\"800\" height=\"450\" src=\"https:\/\/dealer-main.bmw.it\/turbosport\/wp-content\/uploads\/sites\/68\/2022\/06\/usato-bps.jpg\" class=\"attachment-large size-large wp-image-1653\" alt=\"Usato BMW Premium Selection\" srcset=\"https:\/\/dealer-main.bmw.it\/turbosport\/wp-content\/uploads\/sites\/68\/2022\/06\/usato-bps.jpg 960w, https:\/\/dealer-main.bmw.it\/turbosport\/wp-content\/uploads\/sites\/68\/2022\/06\/usato-bps-300x169.jpg 300w, https:\/\/dealer-main.bmw.it\/turbosport\/wp-content\/uploads\/sites\/68\/2022\/06\/usato-bps-768x432.jpg 768w\" sizes=\"(max-width: 800px) 100vw, 800px\" \/>\t\t\t\t\t\t\t\t\t\t\t\t\t\t\t<\/div>\n\t\t\t\t<\/div>\n\t\t\t\t\t<\/div>\n\t\t<\/div>\n\t\t\t\t<div class=\"elementor-column elementor-col-50 elementor-top-column elementor-element elementor-element-0bf4db6\" data-id=\"0bf4db6\" data-element_type=\"column\" data-e-type=\"column\">\n\t\t\t<div class=\"elementor-widget-wrap elementor-element-populated\">\n\t\t\t\t\t\t<div class=\"elementor-element elementor-element-0f1ff06 elementor-widget elementor-widget-text-editor\" data-id=\"0f1ff06\" data-element_type=\"widget\" data-e-type=\"widget\" data-widget_type=\"text-editor.default\">\n\t\t\t\t<div class=\"elementor-widget-container\">\n\t\t\t\t\t\t\t\t\t<p><b>I principali vantaggi:<\/b><br \/>&#8211; Garanzia 24 mesi<br \/>&#8211; Controllo del veicolo a 360\u00b0<br \/>&#8211; Esenzione da manutenzione per 6 mesi o 10.000 km<br \/>&#8211; Assistenza Stradale per 24 mesi<br \/>&#8211; Certificazione del chilometraggio<\/p>\t\t\t\t\t\t\t\t<\/div>\n\t\t\t\t<\/div>\n\t\t\t\t<div class=\"elementor-element elementor-element-1ee4083 elementor-align-left elementor-widget elementor-widget-button\" data-id=\"1ee4083\" data-element_type=\"widget\" data-e-type=\"widget\" data-widget_type=\"button.default\">\n\t\t\t\t<div class=\"elementor-widget-container\">\n\t\t\t\t\t\t\t\t\t<div class=\"elementor-button-wrapper\">\n\t\t\t\t\t<a class=\"elementor-button elementor-button-link elementor-size-sm\" href=\"https:\/\/www.bmw.it\/it\/fastlane\/usato-bmw\/bmw-premium-selection\/garanzie-auto-usate.html\">\n\t\t\t\t\t\t<span class=\"elementor-button-content-wrapper\">\n\t\t\t\t\t\t\t\t\t<span class=\"elementor-button-text\">Ulteriori vantaggi<\/span>\n\t\t\t\t\t<\/span>\n\t\t\t\t\t<\/a>\n\t\t\t\t<\/div>\n\t\t\t\t\t\t\t\t<\/div>\n\t\t\t\t<\/div>\n\t\t\t\t\t<\/div>\n\t\t<\/div>\n\t\t\t\t\t<\/div>\n\t\t<\/section>\n\t\t\t\t<section class=\"elementor-section elementor-top-section elementor-element elementor-element-78e62f9 elementor-section-boxed elementor-section-height-default elementor-section-height-default\" data-id=\"78e62f9\" data-element_type=\"section\" data-e-type=\"section\">\n\t\t\t\t\t\t<div class=\"elementor-container elementor-column-gap-default\">\n\t\t\t\t\t<div class=\"elementor-column elementor-col-100 elementor-top-column elementor-element elementor-element-1556658\" data-id=\"1556658\" data-element_type=\"column\" data-e-type=\"column\">\n\t\t\t<div class=\"elementor-widget-wrap elementor-element-populated\">\n\t\t\t\t\t\t<div class=\"elementor-element elementor-element-552f9c7 elementor-widget elementor-widget-custom-iframe-widget\" data-id=\"552f9c7\" data-element_type=\"widget\" data-e-type=\"widget\" data-widget_type=\"custom-iframe-widget.default\">\n\t\t\t\t<div class=\"elementor-widget-container\">\n\t\t\t\t\t\n            <div class=\"bmw-iframe bmw-iframe--responsive iframe\">\n                <iframe src=\"https:\/\/usato.bmw.it\/ddealer\/l\/29184\" scrolling=\"no\" width=\"100%\" allowfullscreen=\"allowfullscreen\" frameborder=\"0\" style=\"overflow: hidden; height: 765px;\" title=\"\"><\/iframe>\n            <\/div>\n\n            \t\t\t\t<\/div>\n\t\t\t\t<\/div>\n\t\t\t\t\t<\/div>\n\t\t<\/div>\n\t\t\t\t\t<\/div>\n\t\t<\/section>\n\t\t\t\t<\/div>\n\t\t","protected":false},"excerpt":{"rendered":"<p>&nbsp; &nbsp; \u00a0 \u00a0 IL NOSTRO USATO. Quando scegli l\u2019Usato Certificato BMW Premium Selection, l\u2019unica cosa a cui pensare \u00e8 il modello che preferisci. Perch\u00e9 a tutto il resto ha gi\u00e0 pensato BMW. Ogni BMW appartenente al Programma BMW Premium Selection \u00e8 stata sottoposta a meticolosi e rigorosi controlli meccanici ed estetici e la sua [&hellip;]<\/p>\n","protected":false},"author":1,"featured_media":0,"parent":0,"menu_order":0,"comment_status":"closed","ping_status":"closed","template":"","meta":{"_acf_changed":false,"footnotes":""},"class_list":["post-1466","page","type-page","status-publish","hentry"],"acf":[],"yoast_head":"<!-- This site is optimized with the Yoast SEO plugin v27.0 - https:\/\/yoast.com\/product\/yoast-seo-wordpress\/ -->\n<title>Usato - Turbosport<\/title>\n<meta name=\"robots\" content=\"index, follow, max-snippet:-1, max-image-preview:large, max-video-preview:-1\" \/>\n<link rel=\"canonical\" href=\"https:\/\/dealer-main.bmw.it\/turbosport\/usato\/\" \/>\n<meta property=\"og:locale\" content=\"it_IT\" \/>\n<meta property=\"og:type\" content=\"article\" \/>\n<meta property=\"og:title\" content=\"Usato - Turbosport\" \/>\n<meta property=\"og:description\" content=\"&nbsp; &nbsp; \u00a0 \u00a0 IL NOSTRO USATO. Quando scegli l\u2019Usato Certificato BMW Premium Selection, l\u2019unica cosa a cui pensare \u00e8 il modello che preferisci. Perch\u00e9 a tutto il resto ha gi\u00e0 pensato BMW. Ogni BMW appartenente al Programma BMW Premium Selection \u00e8 stata sottoposta a meticolosi e rigorosi controlli meccanici ed estetici e la sua [&hellip;]\" \/>\n<meta property=\"og:url\" content=\"https:\/\/dealer-main.bmw.it\/turbosport\/usato\/\" \/>\n<meta property=\"og:site_name\" content=\"Turbosport\" \/>\n<meta property=\"article:modified_time\" content=\"2025-08-26T14:39:57+00:00\" \/>\n<meta property=\"og:image\" content=\"https:\/\/turbosport.bmw.it\/wp-content\/uploads\/sites\/68\/2022\/06\/usato-bps.jpg\" \/>\n<meta name=\"twitter:card\" content=\"summary_large_image\" \/>\n<meta name=\"twitter:label1\" content=\"Tempo di lettura stimato\" \/>\n\t<meta name=\"twitter:data1\" content=\"1 minuto\" \/>\n<script type=\"application\/ld+json\" class=\"yoast-schema-graph\">{\"@context\":\"https:\/\/schema.org\",\"@graph\":[{\"@type\":\"WebPage\",\"@id\":\"https:\/\/dealer-main.bmw.it\/turbosport\/usato\/\",\"url\":\"https:\/\/dealer-main.bmw.it\/turbosport\/usato\/\",\"name\":\"Usato - Turbosport\",\"isPartOf\":{\"@id\":\"https:\/\/turbosport.bmw.it\/#website\"},\"primaryImageOfPage\":{\"@id\":\"https:\/\/dealer-main.bmw.it\/turbosport\/usato\/#primaryimage\"},\"image\":{\"@id\":\"https:\/\/dealer-main.bmw.it\/turbosport\/usato\/#primaryimage\"},\"thumbnailUrl\":\"https:\/\/turbosport.bmw.it\/wp-content\/uploads\/sites\/68\/2022\/06\/usato-bps.jpg\",\"datePublished\":\"2022-01-31T16:29:44+00:00\",\"dateModified\":\"2025-08-26T14:39:57+00:00\",\"breadcrumb\":{\"@id\":\"https:\/\/dealer-main.bmw.it\/turbosport\/usato\/#breadcrumb\"},\"inLanguage\":\"it-IT\",\"potentialAction\":[{\"@type\":\"ReadAction\",\"target\":[\"https:\/\/dealer-main.bmw.it\/turbosport\/usato\/\"]}]},{\"@type\":\"ImageObject\",\"inLanguage\":\"it-IT\",\"@id\":\"https:\/\/dealer-main.bmw.it\/turbosport\/usato\/#primaryimage\",\"url\":\"https:\/\/turbosport.bmw.it\/wp-content\/uploads\/sites\/68\/2022\/06\/usato-bps.jpg\",\"contentUrl\":\"https:\/\/turbosport.bmw.it\/wp-content\/uploads\/sites\/68\/2022\/06\/usato-bps.jpg\"},{\"@type\":\"BreadcrumbList\",\"@id\":\"https:\/\/dealer-main.bmw.it\/turbosport\/usato\/#breadcrumb\",\"itemListElement\":[{\"@type\":\"ListItem\",\"position\":1,\"name\":\"Home\",\"item\":\"https:\/\/turbosport.bmw.it\/\"},{\"@type\":\"ListItem\",\"position\":2,\"name\":\"Usato\"}]},{\"@type\":\"WebSite\",\"@id\":\"https:\/\/turbosport.bmw.it\/#website\",\"url\":\"https:\/\/turbosport.bmw.it\/\",\"name\":\"Turbosport\",\"description\":\"\",\"publisher\":{\"@id\":\"https:\/\/turbosport.bmw.it\/#organization\"},\"potentialAction\":[{\"@type\":\"SearchAction\",\"target\":{\"@type\":\"EntryPoint\",\"urlTemplate\":\"https:\/\/turbosport.bmw.it\/?s={search_term_string}\"},\"query-input\":{\"@type\":\"PropertyValueSpecification\",\"valueRequired\":true,\"valueName\":\"search_term_string\"}}],\"inLanguage\":\"it-IT\"},{\"@type\":\"Organization\",\"@id\":\"https:\/\/turbosport.bmw.it\/#organization\",\"name\":\"Turbosport\",\"url\":\"https:\/\/turbosport.bmw.it\/\",\"logo\":{\"@type\":\"ImageObject\",\"inLanguage\":\"it-IT\",\"@id\":\"https:\/\/turbosport.bmw.it\/#\/schema\/logo\/image\/\",\"url\":\"https:\/\/dealer-main.bmw.it\/turbosport\/wp-content\/uploads\/sites\/68\/2021\/11\/bmw-logo-squared.svg\",\"contentUrl\":\"https:\/\/dealer-main.bmw.it\/turbosport\/wp-content\/uploads\/sites\/68\/2021\/11\/bmw-logo-squared.svg\",\"width\":49,\"height\":49,\"caption\":\"Turbosport\"},\"image\":{\"@id\":\"https:\/\/turbosport.bmw.it\/#\/schema\/logo\/image\/\"}}]}<\/script>\n<!-- \/ Yoast SEO plugin. -->","yoast_head_json":{"title":"Usato - Turbosport","robots":{"index":"index","follow":"follow","max-snippet":"max-snippet:-1","max-image-preview":"max-image-preview:large","max-video-preview":"max-video-preview:-1"},"canonical":"https:\/\/dealer-main.bmw.it\/turbosport\/usato\/","og_locale":"it_IT","og_type":"article","og_title":"Usato - Turbosport","og_description":"&nbsp; &nbsp; \u00a0 \u00a0 IL NOSTRO USATO. Quando scegli l\u2019Usato Certificato BMW Premium Selection, l\u2019unica cosa a cui pensare \u00e8 il modello che preferisci. Perch\u00e9 a tutto il resto ha gi\u00e0 pensato BMW. Ogni BMW appartenente al Programma BMW Premium Selection \u00e8 stata sottoposta a meticolosi e rigorosi controlli meccanici ed estetici e la sua [&hellip;]","og_url":"https:\/\/dealer-main.bmw.it\/turbosport\/usato\/","og_site_name":"Turbosport","article_modified_time":"2025-08-26T14:39:57+00:00","og_image":[{"url":"https:\/\/turbosport.bmw.it\/wp-content\/uploads\/sites\/68\/2022\/06\/usato-bps.jpg","type":"","width":"","height":""}],"twitter_card":"summary_large_image","twitter_misc":{"Tempo di lettura stimato":"1 minuto"},"schema":{"@context":"https:\/\/schema.org","@graph":[{"@type":"WebPage","@id":"https:\/\/dealer-main.bmw.it\/turbosport\/usato\/","url":"https:\/\/dealer-main.bmw.it\/turbosport\/usato\/","name":"Usato - Turbosport","isPartOf":{"@id":"https:\/\/turbosport.bmw.it\/#website"},"primaryImageOfPage":{"@id":"https:\/\/dealer-main.bmw.it\/turbosport\/usato\/#primaryimage"},"image":{"@id":"https:\/\/dealer-main.bmw.it\/turbosport\/usato\/#primaryimage"},"thumbnailUrl":"https:\/\/turbosport.bmw.it\/wp-content\/uploads\/sites\/68\/2022\/06\/usato-bps.jpg","datePublished":"2022-01-31T16:29:44+00:00","dateModified":"2025-08-26T14:39:57+00:00","breadcrumb":{"@id":"https:\/\/dealer-main.bmw.it\/turbosport\/usato\/#breadcrumb"},"inLanguage":"it-IT","potentialAction":[{"@type":"ReadAction","target":["https:\/\/dealer-main.bmw.it\/turbosport\/usato\/"]}]},{"@type":"ImageObject","inLanguage":"it-IT","@id":"https:\/\/dealer-main.bmw.it\/turbosport\/usato\/#primaryimage","url":"https:\/\/turbosport.bmw.it\/wp-content\/uploads\/sites\/68\/2022\/06\/usato-bps.jpg","contentUrl":"https:\/\/turbosport.bmw.it\/wp-content\/uploads\/sites\/68\/2022\/06\/usato-bps.jpg"},{"@type":"BreadcrumbList","@id":"https:\/\/dealer-main.bmw.it\/turbosport\/usato\/#breadcrumb","itemListElement":[{"@type":"ListItem","position":1,"name":"Home","item":"https:\/\/turbosport.bmw.it\/"},{"@type":"ListItem","position":2,"name":"Usato"}]},{"@type":"WebSite","@id":"https:\/\/turbosport.bmw.it\/#website","url":"https:\/\/turbosport.bmw.it\/","name":"Turbosport","description":"","publisher":{"@id":"https:\/\/turbosport.bmw.it\/#organization"},"potentialAction":[{"@type":"SearchAction","target":{"@type":"EntryPoint","urlTemplate":"https:\/\/turbosport.bmw.it\/?s={search_term_string}"},"query-input":{"@type":"PropertyValueSpecification","valueRequired":true,"valueName":"search_term_string"}}],"inLanguage":"it-IT"},{"@type":"Organization","@id":"https:\/\/turbosport.bmw.it\/#organization","name":"Turbosport","url":"https:\/\/turbosport.bmw.it\/","logo":{"@type":"ImageObject","inLanguage":"it-IT","@id":"https:\/\/turbosport.bmw.it\/#\/schema\/logo\/image\/","url":"https:\/\/dealer-main.bmw.it\/turbosport\/wp-content\/uploads\/sites\/68\/2021\/11\/bmw-logo-squared.svg","contentUrl":"https:\/\/dealer-main.bmw.it\/turbosport\/wp-content\/uploads\/sites\/68\/2021\/11\/bmw-logo-squared.svg","width":49,"height":49,"caption":"Turbosport"},"image":{"@id":"https:\/\/turbosport.bmw.it\/#\/schema\/logo\/image\/"}}]}},"_links":{"self":[{"href":"https:\/\/dealer-main.bmw.it\/turbosport\/wp-json\/wp\/v2\/pages\/1466","targetHints":{"allow":["GET"]}}],"collection":[{"href":"https:\/\/dealer-main.bmw.it\/turbosport\/wp-json\/wp\/v2\/pages"}],"about":[{"href":"https:\/\/dealer-main.bmw.it\/turbosport\/wp-json\/wp\/v2\/types\/page"}],"author":[{"embeddable":true,"href":"https:\/\/dealer-main.bmw.it\/turbosport\/wp-json\/wp\/v2\/users\/1"}],"replies":[{"embeddable":true,"href":"https:\/\/dealer-main.bmw.it\/turbosport\/wp-json\/wp\/v2\/comments?post=1466"}],"version-history":[{"count":15,"href":"https:\/\/dealer-main.bmw.it\/turbosport\/wp-json\/wp\/v2\/pages\/1466\/revisions"}],"predecessor-version":[{"id":1761,"href":"https:\/\/dealer-main.bmw.it\/turbosport\/wp-json\/wp\/v2\/pages\/1466\/revisions\/1761"}],"wp:attachment":[{"href":"https:\/\/dealer-main.bmw.it\/turbosport\/wp-json\/wp\/v2\/media?parent=1466"}],"curies":[{"name":"wp","href":"https:\/\/api.w.org\/{rel}","templated":true}]}}